{"id":5531,"date":"2023-06-06T16:28:04","date_gmt":"2023-06-06T16:28:04","guid":{"rendered":"https:\/\/cimglobal.org\/online\/?page_id=5531"},"modified":"2026-04-01T12:42:55","modified_gmt":"2026-04-01T12:42:55","slug":"home","status":"publish","type":"page","link":"https:\/\/cimglobal.org\/online\/","title":{"rendered":"Home"},"content":{"rendered":"\t\t<div data-elementor-type=\"wp-page\" data-elementor-id=\"5531\" class=\"elementor elementor-5531\">\n\t\t\t\t\t\t<section class=\"elementor-section elementor-top-section elementor-element elementor-element-f8facdd elementor-section-boxed elementor-section-height-default elementor-section-height-default\" data-id=\"f8facdd\" data-element_type=\"section\" data-e-type=\"section\">\n\t\t\t\t\t\t<div class=\"elementor-container elementor-column-gap-default\">\n\t\t\t\t\t<div class=\"elementor-column elementor-col-100 elementor-top-column elementor-element elementor-element-deef78b\" data-id=\"deef78b\" data-element_type=\"column\" data-e-type=\"column\">\n\t\t\t<div class=\"elementor-widget-wrap elementor-element-populated\">\n\t\t\t\t\t\t<div class=\"elementor-element elementor-element-3ce8327 elementor-widget elementor-widget-image\" data-id=\"3ce8327\" data-element_type=\"widget\" data-e-type=\"widget\" data-widget_type=\"image.default\">\n\t\t\t\t<div class=\"elementor-widget-container\">\n\t\t\t\t\t\t\t\t\t\t\t\t\t\t\t<img fetchpriority=\"high\" decoding=\"async\" width=\"1917\" height=\"709\" src=\"https:\/\/cimglobal.org\/online\/wp-content\/uploads\/2026\/04\/CABEZERA-JPEG-1917x709.jpg\" class=\"attachment-full size-full wp-image-6122\" alt=\"\" srcset=\"https:\/\/cimglobal.org\/online\/wp-content\/uploads\/2026\/04\/CABEZERA-JPEG-1917x709.jpg 1917w, https:\/\/cimglobal.org\/online\/wp-content\/uploads\/2026\/04\/CABEZERA-JPEG-300x111.jpg 300w, https:\/\/cimglobal.org\/online\/wp-content\/uploads\/2026\/04\/CABEZERA-JPEG-1024x379.jpg 1024w, https:\/\/cimglobal.org\/online\/wp-content\/uploads\/2026\/04\/CABEZERA-JPEG-768x284.jpg 768w, https:\/\/cimglobal.org\/online\/wp-content\/uploads\/2026\/04\/CABEZERA-JPEG-1536x568.jpg 1536w, https:\/\/cimglobal.org\/online\/wp-content\/uploads\/2026\/04\/CABEZERA-JPEG-600x222.jpg 600w, https:\/\/cimglobal.org\/online\/wp-content\/uploads\/2026\/04\/CABEZERA-JPEG.jpg 1920w\" sizes=\"(max-width: 1917px) 100vw, 1917px\" \/>\t\t\t\t\t\t\t\t\t\t\t\t\t\t\t<\/div>\n\t\t\t\t<\/div>\n\t\t\t\t\t<\/div>\n\t\t<\/div>\n\t\t\t\t\t<\/div>\n\t\t<\/section>\n\t\t\t\t<section class=\"elementor-section elementor-top-section elementor-element elementor-element-ce3cee3 elementor-section-boxed elementor-section-height-default elementor-section-height-default\" data-id=\"ce3cee3\" data-element_type=\"section\" data-e-type=\"section\">\n\t\t\t\t\t\t<div class=\"elementor-container elementor-column-gap-default\">\n\t\t\t\t\t<div class=\"elementor-column elementor-col-100 elementor-top-column elementor-element elementor-element-0f05512\" data-id=\"0f05512\" data-element_type=\"column\" data-e-type=\"column\">\n\t\t\t<div class=\"elementor-widget-wrap elementor-element-populated\">\n\t\t\t\t\t\t<div class=\"elementor-element elementor-element-77d243a elementor-widget elementor-widget-heading\" data-id=\"77d243a\" data-element_type=\"widget\" data-e-type=\"widget\" data-widget_type=\"heading.default\">\n\t\t\t\t<div class=\"elementor-widget-container\">\n\t\t\t\t\t<h2 class=\"elementor-heading-title elementor-size-default\">Sesiones en Video<\/h2>\t\t\t\t<\/div>\n\t\t\t\t<\/div>\n\t\t\t\t<div class=\"elementor-element elementor-element-7ac69af elementor-widget elementor-widget-ms_lms_courses\" data-id=\"7ac69af\" data-element_type=\"widget\" data-e-type=\"widget\" data-settings=\"{&quot;type&quot;:&quot;courses-grid&quot;,&quot;slides_to_scroll&quot;:&quot;50%&quot;,&quot;course_image_size&quot;:{&quot;width&quot;:&quot;400&quot;,&quot;height&quot;:&quot;400&quot;},&quot;course_card_presets&quot;:&quot;card-style-5&quot;,&quot;cards_to_show_choice&quot;:&quot;all&quot;,&quot;cards_to_show_choice_featured&quot;:&quot;all&quot;,&quot;slides_to_scroll_tablet&quot;:&quot;33.333333%&quot;,&quot;slides_to_scroll_mobile&quot;:&quot;100%&quot;,&quot;loop&quot;:&quot;true&quot;,&quot;sort_by&quot;:&quot;date_high&quot;,&quot;show_progress&quot;:&quot;yes&quot;,&quot;show_rating&quot;:&quot;yes&quot;,&quot;show_price&quot;:&quot;yes&quot;,&quot;show_slots&quot;:&quot;yes&quot;,&quot;card_slot_1&quot;:&quot;current-students&quot;,&quot;card_slot_2&quot;:&quot;views&quot;,&quot;show_wishlist&quot;:&quot;yes&quot;,&quot;featured_position&quot;:&quot;left&quot;,&quot;status_presets&quot;:&quot;status_style_1&quot;,&quot;status_position&quot;:&quot;right&quot;,&quot;show_instructor_label&quot;:&quot;yes&quot;,&quot;show_instructor_position&quot;:&quot;yes&quot;,&quot;show_instructor_bio&quot;:&quot;yes&quot;}\" data-widget_type=\"ms_lms_courses.default\">\n\t\t\t\t<div class=\"elementor-widget-container\">\n\t\t\t\t\t<div class=\"ms_lms_courses_grid\">\n\t\t<div class=\"ms_lms_courses_grid__content \">\n\t\t<div class=\"ms_lms_courses_card_wrapper\">\n\t\t\t<div class=\"ms_lms_courses_card card-style-5\">\n\t\t\t\t\t<div class=\"ms_lms_courses_card_item featured \">\n\t\t<div class=\"ms_lms_courses_card_item_wrapper\">\n\t\t\t\t\t\t\t<div class=\"ms_lms_courses_card_item_featured left\">\n\t\t\t\t\t<span>Destacado<\/span>\n\t\t\t\t<\/div>\n\t\t\t\t\t\t\t<div class=\"ms_lms_courses_card_item_image_wrapper\">\n\t\t\t\t<a href=\"https:\/\/cimglobal.org\/online\/conferencias\/mega-cim-2025\/\" class=\"ms_lms_courses_card_item_image_link\">\n\t\t\t\t\t<img decoding=\"async\" src=\"https:\/\/cimglobal.org\/online\/wp-content\/uploads\/2025\/06\/ANUNCIO-MEGA-CIM-TV-400x225.jpg\" class=\"ms_lms_courses_card_item_image\">\t\t\t\t<\/a>\n\t\t\t\t\n<div class=\"ms_lms_courses_card_item_info_price\">\n\t<a href=\"https:\/\/cimglobal.org\/online\/conferencias\/mega-cim-2025\/\" class=\"ms_lms_courses_card_item_info_price_preview \">\n\t\t<span>Vista previa de este curso<\/span>\n\t\t\t<\/a>\n\t\t\t<div class=\"ms_lms_courses_card_item_info_price_single \">\n\t\t\t<span>$50<\/span>\n\t\t<\/div>\n\t\t\t<\/div>\n\t\t\t<\/div>\n\t\t\t<div class=\"ms_lms_courses_card_item_info\">\n\t\t\t\t\t\t\t\t\t<a href=\"https:\/\/cimglobal.org\/online\/conferencias\/mega-cim-2025\/\" class=\"ms_lms_courses_card_item_info_title\">\n\t\t\t\t\t\t<h3>MEGA CIM 2025<\/h3>\n\t\t\t\t\t<\/a>\n\t\t\t\t<div class=\"ms_lms_courses_card_item_info_rating\">\n\t<div class=\"ms_lms_courses_card_item_info_rating_stars\">\n\t\t<div class=\"ms_lms_courses_card_item_info_rating_stars_filled\" style=\"width: 0%;\"><\/div>\n\t<\/div>\n\t<div class=\"ms_lms_courses_card_item_info_rating_quantity\">\n\t\t<span>0.0<\/span>\n\t<\/div>\n<\/div>\n\t\t\t\t\t<div class=\"ms_lms_courses_card_item_info_wishlist\">\n\t\t\t\t\t\t\t<div class=\"stm-lms-wishlist\">\n\t\t<a href=\"https:\/\/cimglobal.org\/online\/cuenta-del-usuario\/\">\n\t\t\t<i class=\"stmlms-heart-3\"><\/i>\n\t\t\t<span>A\u00f1adir a la lista de deseos<\/span>\n\t\t<\/a>\n\t<\/div>\n\t\t\t\t\t\t<\/div>\n\t\t\t\t\t\t\t\t\t\t<div class=\"ms_lms_courses_card_item_info_meta\">\n\t\t\t\t\t\t<div class=\"ms_lms_courses_card_item_meta_block\">\n\t<i class=\"stmlms-members\"><\/i>\n<span>138<\/span>\n<\/div>\n<div class=\"ms_lms_courses_card_item_meta_block\">\n\t<i class=\"stmlms-views\"><\/i>\n<span>1434<\/span>\n<\/div>\n\t\t\t\t\t<\/div>\n\t\t\t\t\t\t\t<\/div>\n\t\t<\/div>\n\t<\/div>\n\t\t<div class=\"ms_lms_courses_card_item  \">\n\t\t<div class=\"ms_lms_courses_card_item_wrapper\">\n\t\t\t\t\t\t<div class=\"ms_lms_courses_card_item_image_wrapper\">\n\t\t\t\t<a href=\"https:\/\/cimglobal.org\/online\/conferencias\/mega-cim-2022\/\" class=\"ms_lms_courses_card_item_image_link\">\n\t\t\t\t\t<img decoding=\"async\" src=\"https:\/\/cimglobal.org\/online\/wp-content\/uploads\/2026\/04\/PANTALLA-TEMPLO-400x225.jpg\" class=\"ms_lms_courses_card_item_image\">\t\t\t\t<\/a>\n\t\t\t\t\n<div class=\"ms_lms_courses_card_item_info_price\">\n\t<a href=\"https:\/\/cimglobal.org\/online\/conferencias\/mega-cim-2022\/\" class=\"ms_lms_courses_card_item_info_price_preview \">\n\t\t<span>Vista previa de este curso<\/span>\n\t\t\t<\/a>\n\t\t\t<div class=\"ms_lms_courses_card_item_info_price_single \">\n\t\t\t<span>$50<\/span>\n\t\t<\/div>\n\t\t\t<\/div>\n\t\t\t<\/div>\n\t\t\t<div class=\"ms_lms_courses_card_item_info\">\n\t\t\t\t\t\t\t\t\t<a href=\"https:\/\/cimglobal.org\/online\/conferencias\/mega-cim-2022\/\" class=\"ms_lms_courses_card_item_info_title\">\n\t\t\t\t\t\t<h3>MEGA CIM 2022<\/h3>\n\t\t\t\t\t<\/a>\n\t\t\t\t<div class=\"ms_lms_courses_card_item_info_rating\">\n\t<div class=\"ms_lms_courses_card_item_info_rating_stars\">\n\t\t<div class=\"ms_lms_courses_card_item_info_rating_stars_filled\" style=\"width: 0%;\"><\/div>\n\t<\/div>\n\t<div class=\"ms_lms_courses_card_item_info_rating_quantity\">\n\t\t<span>0.0<\/span>\n\t<\/div>\n<\/div>\n\t\t\t\t\t<div class=\"ms_lms_courses_card_item_info_wishlist\">\n\t\t\t\t\t\t\t<div class=\"stm-lms-wishlist\">\n\t\t<a href=\"https:\/\/cimglobal.org\/online\/cuenta-del-usuario\/\">\n\t\t\t<i class=\"stmlms-heart-3\"><\/i>\n\t\t\t<span>A\u00f1adir a la lista de deseos<\/span>\n\t\t<\/a>\n\t<\/div>\n\t\t\t\t\t\t<\/div>\n\t\t\t\t\t\t\t\t\t\t<div class=\"ms_lms_courses_card_item_info_meta\">\n\t\t\t\t\t\t<div class=\"ms_lms_courses_card_item_meta_block\">\n\t<i class=\"stmlms-members\"><\/i>\n<span>0<\/span>\n<\/div>\n<div class=\"ms_lms_courses_card_item_meta_block\">\n\t<i class=\"stmlms-views\"><\/i>\n<span>46<\/span>\n<\/div>\n\t\t\t\t\t<\/div>\n\t\t\t\t\t\t\t<\/div>\n\t\t<\/div>\n\t<\/div>\n\t\t<div class=\"ms_lms_courses_card_item  \">\n\t\t<div class=\"ms_lms_courses_card_item_wrapper\">\n\t\t\t\t\t\t<div class=\"ms_lms_courses_card_item_image_wrapper\">\n\t\t\t\t<a href=\"https:\/\/cimglobal.org\/online\/conferencias\/precumbre-2025\/\" class=\"ms_lms_courses_card_item_image_link\">\n\t\t\t\t\t<img decoding=\"async\" src=\"https:\/\/cimglobal.org\/online\/wp-content\/uploads\/2025\/06\/PORTADA-PRECUMBRE-2025-400x225.jpg\" class=\"ms_lms_courses_card_item_image\">\t\t\t\t<\/a>\n\t\t\t\t\n<div class=\"ms_lms_courses_card_item_info_price\">\n\t<a href=\"https:\/\/cimglobal.org\/online\/conferencias\/precumbre-2025\/\" class=\"ms_lms_courses_card_item_info_price_preview \">\n\t\t<span>Vista previa de este curso<\/span>\n\t\t\t<\/a>\n\t\t\t<div class=\"ms_lms_courses_card_item_info_price_single \">\n\t\t\t<span>$50<\/span>\n\t\t<\/div>\n\t\t\t<\/div>\n\t\t\t<\/div>\n\t\t\t<div class=\"ms_lms_courses_card_item_info\">\n\t\t\t\t\t\t\t\t\t<a href=\"https:\/\/cimglobal.org\/online\/conferencias\/precumbre-2025\/\" class=\"ms_lms_courses_card_item_info_title\">\n\t\t\t\t\t\t<h3>PRECUMBRE 2025<\/h3>\n\t\t\t\t\t<\/a>\n\t\t\t\t<div class=\"ms_lms_courses_card_item_info_rating\">\n\t<div class=\"ms_lms_courses_card_item_info_rating_stars\">\n\t\t<div class=\"ms_lms_courses_card_item_info_rating_stars_filled\" style=\"width: 0%;\"><\/div>\n\t<\/div>\n\t<div class=\"ms_lms_courses_card_item_info_rating_quantity\">\n\t\t<span>0.0<\/span>\n\t<\/div>\n<\/div>\n\t\t\t\t\t<div class=\"ms_lms_courses_card_item_info_wishlist\">\n\t\t\t\t\t\t\t<div class=\"stm-lms-wishlist\">\n\t\t<a href=\"https:\/\/cimglobal.org\/online\/cuenta-del-usuario\/\">\n\t\t\t<i class=\"stmlms-heart-3\"><\/i>\n\t\t\t<span>A\u00f1adir a la lista de deseos<\/span>\n\t\t<\/a>\n\t<\/div>\n\t\t\t\t\t\t<\/div>\n\t\t\t\t\t\t\t\t\t\t<div class=\"ms_lms_courses_card_item_info_meta\">\n\t\t\t\t\t\t<div class=\"ms_lms_courses_card_item_meta_block\">\n\t<i class=\"stmlms-members\"><\/i>\n<span>9<\/span>\n<\/div>\n<div class=\"ms_lms_courses_card_item_meta_block\">\n\t<i class=\"stmlms-views\"><\/i>\n<span>480<\/span>\n<\/div>\n\t\t\t\t\t<\/div>\n\t\t\t\t\t\t\t<\/div>\n\t\t<\/div>\n\t<\/div>\n\t\t<div class=\"ms_lms_courses_card_item  \">\n\t\t<div class=\"ms_lms_courses_card_item_wrapper\">\n\t\t\t\t\t\t<div class=\"ms_lms_courses_card_item_image_wrapper\">\n\t\t\t\t<a href=\"https:\/\/cimglobal.org\/online\/conferencias\/precumbre-2023\/\" class=\"ms_lms_courses_card_item_image_link\">\n\t\t\t\t\t<img decoding=\"async\" src=\"https:\/\/cimglobal.org\/online\/wp-content\/uploads\/2024\/06\/PACK-PREDICASpng-600x600.png\" class=\"ms_lms_courses_card_item_image\">\t\t\t\t<\/a>\n\t\t\t\t\n<div class=\"ms_lms_courses_card_item_info_price\">\n\t<a href=\"https:\/\/cimglobal.org\/online\/conferencias\/precumbre-2023\/\" class=\"ms_lms_courses_card_item_info_price_preview \">\n\t\t<span>Vista previa de este curso<\/span>\n\t\t\t<\/a>\n\t\t\t<div class=\"ms_lms_courses_card_item_info_price_single \">\n\t\t\t<span>$50<\/span>\n\t\t<\/div>\n\t\t\t<\/div>\n\t\t\t<\/div>\n\t\t\t<div class=\"ms_lms_courses_card_item_info\">\n\t\t\t\t\t\t\t\t\t<a href=\"https:\/\/cimglobal.org\/online\/conferencias\/precumbre-2023\/\" class=\"ms_lms_courses_card_item_info_title\">\n\t\t\t\t\t\t<h3>PRECUMBRE 2023<\/h3>\n\t\t\t\t\t<\/a>\n\t\t\t\t<div class=\"ms_lms_courses_card_item_info_rating\">\n\t<div class=\"ms_lms_courses_card_item_info_rating_stars\">\n\t\t<div class=\"ms_lms_courses_card_item_info_rating_stars_filled\" style=\"width: 0%;\"><\/div>\n\t<\/div>\n\t<div class=\"ms_lms_courses_card_item_info_rating_quantity\">\n\t\t<span>0.0<\/span>\n\t<\/div>\n<\/div>\n\t\t\t\t\t<div class=\"ms_lms_courses_card_item_info_wishlist\">\n\t\t\t\t\t\t\t<div class=\"stm-lms-wishlist\">\n\t\t<a href=\"https:\/\/cimglobal.org\/online\/cuenta-del-usuario\/\">\n\t\t\t<i class=\"stmlms-heart-3\"><\/i>\n\t\t\t<span>A\u00f1adir a la lista de deseos<\/span>\n\t\t<\/a>\n\t<\/div>\n\t\t\t\t\t\t<\/div>\n\t\t\t\t\t\t\t\t\t\t<div class=\"ms_lms_courses_card_item_info_meta\">\n\t\t\t\t\t\t<div class=\"ms_lms_courses_card_item_meta_block\">\n\t<i class=\"stmlms-members\"><\/i>\n<span>0<\/span>\n<\/div>\n<div class=\"ms_lms_courses_card_item_meta_block\">\n\t<i class=\"stmlms-views\"><\/i>\n<span>864<\/span>\n<\/div>\n\t\t\t\t\t<\/div>\n\t\t\t\t\t\t\t<\/div>\n\t\t<\/div>\n\t<\/div>\n\t\t<div class=\"ms_lms_courses_card_item  \">\n\t\t<div class=\"ms_lms_courses_card_item_wrapper\">\n\t\t\t\t\t\t<div class=\"ms_lms_courses_card_item_image_wrapper\">\n\t\t\t\t<a href=\"https:\/\/cimglobal.org\/online\/conferencias\/mega-cim-2024\/\" class=\"ms_lms_courses_card_item_image_link\">\n\t\t\t\t\t<img decoding=\"async\" src=\"https:\/\/cimglobal.org\/online\/wp-content\/uploads\/2024\/06\/MEGA-CIM-ONLINE-COURSE-600x600.jpg\" class=\"ms_lms_courses_card_item_image\">\t\t\t\t<\/a>\n\t\t\t\t\n<div class=\"ms_lms_courses_card_item_info_price\">\n\t<a href=\"https:\/\/cimglobal.org\/online\/conferencias\/mega-cim-2024\/\" class=\"ms_lms_courses_card_item_info_price_preview \">\n\t\t<span>Vista previa de este curso<\/span>\n\t\t\t<\/a>\n\t\t\t<div class=\"ms_lms_courses_card_item_info_price_single \">\n\t\t\t<span>$50<\/span>\n\t\t<\/div>\n\t\t\t<\/div>\n\t\t\t<\/div>\n\t\t\t<div class=\"ms_lms_courses_card_item_info\">\n\t\t\t\t\t\t\t\t\t<a href=\"https:\/\/cimglobal.org\/online\/conferencias\/mega-cim-2024\/\" class=\"ms_lms_courses_card_item_info_title\">\n\t\t\t\t\t\t<h3>MEGA CIM 2024<\/h3>\n\t\t\t\t\t<\/a>\n\t\t\t\t<div class=\"ms_lms_courses_card_item_info_rating\">\n\t<div class=\"ms_lms_courses_card_item_info_rating_stars\">\n\t\t<div class=\"ms_lms_courses_card_item_info_rating_stars_filled\" style=\"width: 0%;\"><\/div>\n\t<\/div>\n\t<div class=\"ms_lms_courses_card_item_info_rating_quantity\">\n\t\t<span>0.0<\/span>\n\t<\/div>\n<\/div>\n\t\t\t\t\t<div class=\"ms_lms_courses_card_item_info_wishlist\">\n\t\t\t\t\t\t\t<div class=\"stm-lms-wishlist\">\n\t\t<a href=\"https:\/\/cimglobal.org\/online\/cuenta-del-usuario\/\">\n\t\t\t<i class=\"stmlms-heart-3\"><\/i>\n\t\t\t<span>A\u00f1adir a la lista de deseos<\/span>\n\t\t<\/a>\n\t<\/div>\n\t\t\t\t\t\t<\/div>\n\t\t\t\t\t\t\t\t\t\t<div class=\"ms_lms_courses_card_item_info_meta\">\n\t\t\t\t\t\t<div class=\"ms_lms_courses_card_item_meta_block\">\n\t<i class=\"stmlms-members\"><\/i>\n<span>88<\/span>\n<\/div>\n<div class=\"ms_lms_courses_card_item_meta_block\">\n\t<i class=\"stmlms-views\"><\/i>\n<span>3037<\/span>\n<\/div>\n\t\t\t\t\t<\/div>\n\t\t\t\t\t\t\t<\/div>\n\t\t<\/div>\n\t<\/div>\n\t\t<div class=\"ms_lms_courses_card_item  \">\n\t\t<div class=\"ms_lms_courses_card_item_wrapper\">\n\t\t\t\t\t\t<div class=\"ms_lms_courses_card_item_image_wrapper\">\n\t\t\t\t<a href=\"https:\/\/cimglobal.org\/online\/conferencias\/mega-cim-live\/\" class=\"ms_lms_courses_card_item_image_link\">\n\t\t\t\t\t<img decoding=\"async\" src=\"https:\/\/cimglobal.org\/online\/wp-content\/uploads\/2024\/05\/POST-PACK-PREDICAS-600x600-1-400x400.png\" class=\"ms_lms_courses_card_item_image\">\t\t\t\t<\/a>\n\t\t\t\t\n<div class=\"ms_lms_courses_card_item_info_price\">\n\t<a href=\"https:\/\/cimglobal.org\/online\/conferencias\/mega-cim-live\/\" class=\"ms_lms_courses_card_item_info_price_preview \">\n\t\t<span>Vista previa de este curso<\/span>\n\t\t\t<\/a>\n\t\t\t<div class=\"ms_lms_courses_card_item_info_price_single \">\n\t\t\t<span>$50<\/span>\n\t\t<\/div>\n\t\t\t<\/div>\n\t\t\t<\/div>\n\t\t\t<div class=\"ms_lms_courses_card_item_info\">\n\t\t\t\t\t\t\t\t\t<a href=\"https:\/\/cimglobal.org\/online\/conferencias\/mega-cim-live\/\" class=\"ms_lms_courses_card_item_info_title\">\n\t\t\t\t\t\t<h3>MEGA CIM 2023<\/h3>\n\t\t\t\t\t<\/a>\n\t\t\t\t<div class=\"ms_lms_courses_card_item_info_rating\">\n\t<div class=\"ms_lms_courses_card_item_info_rating_stars\">\n\t\t<div class=\"ms_lms_courses_card_item_info_rating_stars_filled\" style=\"width: 0%;\"><\/div>\n\t<\/div>\n\t<div class=\"ms_lms_courses_card_item_info_rating_quantity\">\n\t\t<span>0.0<\/span>\n\t<\/div>\n<\/div>\n\t\t\t\t\t<div class=\"ms_lms_courses_card_item_info_wishlist\">\n\t\t\t\t\t\t\t<div class=\"stm-lms-wishlist\">\n\t\t<a href=\"https:\/\/cimglobal.org\/online\/cuenta-del-usuario\/\">\n\t\t\t<i class=\"stmlms-heart-3\"><\/i>\n\t\t\t<span>A\u00f1adir a la lista de deseos<\/span>\n\t\t<\/a>\n\t<\/div>\n\t\t\t\t\t\t<\/div>\n\t\t\t\t\t\t\t\t\t\t<div class=\"ms_lms_courses_card_item_info_meta\">\n\t\t\t\t\t\t<div class=\"ms_lms_courses_card_item_meta_block\">\n\t<i class=\"stmlms-members\"><\/i>\n<span>59<\/span>\n<\/div>\n<div class=\"ms_lms_courses_card_item_meta_block\">\n\t<i class=\"stmlms-views\"><\/i>\n<span>2819<\/span>\n<\/div>\n\t\t\t\t\t<\/div>\n\t\t\t\t\t\t\t<\/div>\n\t\t<\/div>\n\t<\/div>\n\t\t\t\t<\/div>\n\t\t\t<div class=\"ms_lms_courses_grid__pagination_wrapper\">\n\t\t\t\t\t\t\t<\/div>\n\t\t<\/div>\n\t<\/div>\n<\/div>\n\t\t\t\t<\/div>\n\t\t\t\t<\/div>\n\t\t\t\t\t<\/div>\n\t\t<\/div>\n\t\t\t\t\t<\/div>\n\t\t<\/section>\n\t\t\t\t<section class=\"elementor-section elementor-top-section elementor-element elementor-element-a228091 elementor-section-boxed elementor-section-height-default elementor-section-height-default\" data-id=\"a228091\" data-element_type=\"section\" data-e-type=\"section\">\n\t\t\t\t\t\t<div class=\"elementor-container elementor-column-gap-default\">\n\t\t\t\t\t<div class=\"elementor-column elementor-col-100 elementor-top-column elementor-element elementor-element-0cbf3a8\" data-id=\"0cbf3a8\" data-element_type=\"column\" data-e-type=\"column\">\n\t\t\t<div class=\"elementor-widget-wrap elementor-element-populated\">\n\t\t\t\t\t\t<div class=\"elementor-element elementor-element-680f190 elementor-widget elementor-widget-spacer\" data-id=\"680f190\" data-element_type=\"widget\" data-e-type=\"widget\" data-widget_type=\"spacer.default\">\n\t\t\t\t<div class=\"elementor-widget-container\">\n\t\t\t\t\t\t\t<div class=\"elementor-spacer\">\n\t\t\t<div class=\"elementor-spacer-inner\"><\/div>\n\t\t<\/div>\n\t\t\t\t\t\t<\/div>\n\t\t\t\t<\/div>\n\t\t\t\t\t<\/div>\n\t\t<\/div>\n\t\t\t\t\t<\/div>\n\t\t<\/section>\n\t\t\t\t<section class=\"elementor-section elementor-top-section elementor-element elementor-element-81fb284 elementor-section-full_width elementor-section-stretched elementor-section-height-default elementor-section-height-default\" data-id=\"81fb284\" data-element_type=\"section\" data-e-type=\"section\" data-settings=\"{&quot;stretch_section&quot;:&quot;section-stretched&quot;,&quot;background_background&quot;:&quot;classic&quot;}\">\n\t\t\t\t\t\t<div class=\"elementor-container elementor-column-gap-default\">\n\t\t\t\t\t<div class=\"elementor-column elementor-col-100 elementor-top-column elementor-element elementor-element-c642e18\" data-id=\"c642e18\" data-element_type=\"column\" data-e-type=\"column\" data-settings=\"{&quot;background_background&quot;:&quot;classic&quot;}\">\n\t\t\t<div class=\"elementor-widget-wrap elementor-element-populated\">\n\t\t\t\t\t\t<div class=\"elementor-element elementor-element-7759d8a elementor-arrows-position-inside elementor-pagination-position-outside elementor-widget elementor-widget-image-carousel\" data-id=\"7759d8a\" data-element_type=\"widget\" data-e-type=\"widget\" data-settings=\"{&quot;slides_to_show&quot;:&quot;3&quot;,&quot;slides_to_show_mobile&quot;:&quot;2&quot;,&quot;slides_to_scroll_mobile&quot;:&quot;2&quot;,&quot;navigation&quot;:&quot;both&quot;,&quot;autoplay&quot;:&quot;yes&quot;,&quot;pause_on_hover&quot;:&quot;yes&quot;,&quot;pause_on_interaction&quot;:&quot;yes&quot;,&quot;autoplay_speed&quot;:5000,&quot;infinite&quot;:&quot;yes&quot;,&quot;speed&quot;:500}\" data-widget_type=\"image-carousel.default\">\n\t\t\t\t<div class=\"elementor-widget-container\">\n\t\t\t\t\t\t\t<div class=\"elementor-image-carousel-wrapper swiper\" role=\"region\" aria-roledescription=\"carousel\" aria-label=\"Carrusel de im\u00e1genes\" dir=\"ltr\">\n\t\t\t<div class=\"elementor-image-carousel swiper-wrapper swiper-image-stretch\" aria-live=\"off\">\n\t\t\t\t\t\t\t\t<div class=\"swiper-slide\" role=\"group\" aria-roledescription=\"slide\" aria-label=\"1 de 11\"><figure class=\"swiper-slide-inner\"><img decoding=\"async\" class=\"swiper-slide-image\" src=\"https:\/\/cimglobal.org\/online\/wp-content\/uploads\/2024\/06\/CDFDSC03151-min-scaled.jpg\" alt=\"CDFDSC03151-min\" \/><\/figure><\/div><div class=\"swiper-slide\" role=\"group\" aria-roledescription=\"slide\" aria-label=\"2 de 11\"><figure class=\"swiper-slide-inner\"><img decoding=\"async\" class=\"swiper-slide-image\" src=\"https:\/\/cimglobal.org\/online\/wp-content\/uploads\/2024\/06\/CDFDSC02884-min-scaled.jpg\" alt=\"CDFDSC02884-min\" \/><\/figure><\/div><div class=\"swiper-slide\" role=\"group\" aria-roledescription=\"slide\" aria-label=\"3 de 11\"><figure class=\"swiper-slide-inner\"><img decoding=\"async\" class=\"swiper-slide-image\" src=\"https:\/\/cimglobal.org\/online\/wp-content\/uploads\/2024\/06\/CDFDSC09607-min-scaled.jpg\" alt=\"CDFDSC09607-min\" \/><\/figure><\/div><div class=\"swiper-slide\" role=\"group\" aria-roledescription=\"slide\" aria-label=\"4 de 11\"><figure class=\"swiper-slide-inner\"><img decoding=\"async\" class=\"swiper-slide-image\" src=\"https:\/\/cimglobal.org\/online\/wp-content\/uploads\/2024\/06\/CDFDSC02823-min-scaled.jpg\" alt=\"CDFDSC02823-min\" \/><\/figure><\/div><div class=\"swiper-slide\" role=\"group\" aria-roledescription=\"slide\" aria-label=\"5 de 11\"><figure class=\"swiper-slide-inner\"><img decoding=\"async\" class=\"swiper-slide-image\" src=\"https:\/\/cimglobal.org\/online\/wp-content\/uploads\/2024\/06\/CDFDSC02135-min-scaled.jpg\" alt=\"CDFDSC02135-min\" \/><\/figure><\/div><div class=\"swiper-slide\" role=\"group\" aria-roledescription=\"slide\" aria-label=\"6 de 11\"><figure class=\"swiper-slide-inner\"><img decoding=\"async\" class=\"swiper-slide-image\" src=\"https:\/\/cimglobal.org\/online\/wp-content\/uploads\/2024\/06\/CDFDSC03253-min-scaled.jpg\" alt=\"CDFDSC03253-min\" \/><\/figure><\/div><div class=\"swiper-slide\" role=\"group\" aria-roledescription=\"slide\" aria-label=\"7 de 11\"><figure class=\"swiper-slide-inner\"><img decoding=\"async\" class=\"swiper-slide-image\" src=\"https:\/\/cimglobal.org\/online\/wp-content\/uploads\/2024\/06\/CDFDSC03043-min-scaled.jpg\" alt=\"CDFDSC03043-min\" \/><\/figure><\/div><div class=\"swiper-slide\" role=\"group\" aria-roledescription=\"slide\" aria-label=\"8 de 11\"><figure class=\"swiper-slide-inner\"><img decoding=\"async\" class=\"swiper-slide-image\" src=\"https:\/\/cimglobal.org\/online\/wp-content\/uploads\/2024\/06\/CDFDSC02157-min-scaled.jpg\" alt=\"CDFDSC02157-min\" \/><\/figure><\/div><div class=\"swiper-slide\" role=\"group\" aria-roledescription=\"slide\" aria-label=\"9 de 11\"><figure class=\"swiper-slide-inner\"><img decoding=\"async\" class=\"swiper-slide-image\" src=\"https:\/\/cimglobal.org\/online\/wp-content\/uploads\/2024\/06\/CDFDSC04830-min-scaled.jpg\" alt=\"CDFDSC04830-min\" \/><\/figure><\/div><div class=\"swiper-slide\" role=\"group\" aria-roledescription=\"slide\" aria-label=\"10 de 11\"><figure class=\"swiper-slide-inner\"><img decoding=\"async\" class=\"swiper-slide-image\" src=\"https:\/\/cimglobal.org\/online\/wp-content\/uploads\/2024\/06\/CDFDSC04273-min-scaled.jpg\" alt=\"CDFDSC04273-min\" \/><\/figure><\/div><div class=\"swiper-slide\" role=\"group\" aria-roledescription=\"slide\" aria-label=\"11 de 11\"><figure class=\"swiper-slide-inner\"><img decoding=\"async\" class=\"swiper-slide-image\" src=\"https:\/\/cimglobal.org\/online\/wp-content\/uploads\/2024\/06\/CDFDSC01343-min-scaled.jpg\" alt=\"CDFDSC01343-min\" \/><\/figure><\/div>\t\t\t<\/div>\n\t\t\t\t\t\t\t\t\t\t\t\t<div class=\"elementor-swiper-button elementor-swiper-button-prev\" role=\"button\" tabindex=\"0\">\n\t\t\t\t\t\t<i aria-hidden=\"true\" class=\"eicon-chevron-left\"><\/i>\t\t\t\t\t<\/div>\n\t\t\t\t\t<div class=\"elementor-swiper-button elementor-swiper-button-next\" role=\"button\" tabindex=\"0\">\n\t\t\t\t\t\t<i aria-hidden=\"true\" class=\"eicon-chevron-right\"><\/i>\t\t\t\t\t<\/div>\n\t\t\t\t\n\t\t\t\t\t\t\t\t\t<div class=\"swiper-pagination\"><\/div>\n\t\t\t\t\t\t\t\t\t<\/div>\n\t\t\t\t\t\t<\/div>\n\t\t\t\t<\/div>\n\t\t\t\t\t<\/div>\n\t\t<\/div>\n\t\t\t\t\t<\/div>\n\t\t<\/section>\n\t\t\t\t<\/div>\n\t\t","protected":false},"excerpt":{"rendered":"<p>Sesiones en Video Destacado Vista previa de este curso $50 MEGA CIM 2025 0.0 A\u00f1adir a la lista de deseos 138 1361 Vista previa de este curso $50 PRECUMBRE 2025 0.0 A\u00f1adir a la lista de deseos 9 417 Vista previa de este curso $50 PRECUMBRE 2023 0.0 A\u00f1adir a la lista de deseos 0 [&hellip;]<\/p>\n","protected":false},"author":1,"featured_media":6128,"parent":0,"menu_order":0,"comment_status":"closed","ping_status":"closed","template":"elementor_header_footer","meta":{"footnotes":""},"class_list":["post-5531","page","type-page","status-publish","has-post-thumbnail","hentry"],"_links":{"self":[{"href":"https:\/\/cimglobal.org\/online\/wp-json\/wp\/v2\/pages\/5531","targetHints":{"allow":["GET"]}}],"collection":[{"href":"https:\/\/cimglobal.org\/online\/wp-json\/wp\/v2\/pages"}],"about":[{"href":"https:\/\/cimglobal.org\/online\/wp-json\/wp\/v2\/types\/page"}],"author":[{"embeddable":true,"href":"https:\/\/cimglobal.org\/online\/wp-json\/wp\/v2\/users\/1"}],"replies":[{"embeddable":true,"href":"https:\/\/cimglobal.org\/online\/wp-json\/wp\/v2\/comments?post=5531"}],"version-history":[{"count":64,"href":"https:\/\/cimglobal.org\/online\/wp-json\/wp\/v2\/pages\/5531\/revisions"}],"predecessor-version":[{"id":6131,"href":"https:\/\/cimglobal.org\/online\/wp-json\/wp\/v2\/pages\/5531\/revisions\/6131"}],"wp:featuredmedia":[{"embeddable":true,"href":"https:\/\/cimglobal.org\/online\/wp-json\/wp\/v2\/media\/6128"}],"wp:attachment":[{"href":"https:\/\/cimglobal.org\/online\/wp-json\/wp\/v2\/media?parent=5531"}],"curies":[{"name":"wp","href":"https:\/\/api.w.org\/{rel}","templated":true}]}}